{"id":28,"date":"2020-01-25T12:06:02","date_gmt":"2020-01-25T11:06:02","guid":{"rendered":"http:\/\/todobrewnetrze.pl\/?page_id=28"},"modified":"2020-06-13T14:37:47","modified_gmt":"2020-06-13T12:37:47","slug":"o-mnie","status":"publish","type":"page","link":"https:\/\/todobrewnetrze.pl\/?page_id=28","title":{"rendered":"o mnie- Monika Koza projektant wn\u0119trz"},"content":{"rendered":"\t\t<div data-elementor-type=\"wp-page\" data-elementor-id=\"28\" class=\"elementor elementor-28\">\n\t\t\t\t\t\t\t\t\t<section class=\"elementor-section elementor-top-section elementor-element elementor-element-201954a elementor-section-boxed elementor-section-height-default elementor-section-height-default\" data-id=\"201954a\" data-element_type=\"section\">\n\t\t\t\t\t\t<div class=\"elementor-container elementor-column-gap-default\">\n\t\t\t\t\t<div class=\"elementor-column elementor-col-50 elementor-top-column elementor-element elementor-element-445bce7\" data-id=\"445bce7\" data-element_type=\"column\">\n\t\t\t<div class=\"elementor-widget-wrap elementor-element-populated\">\n\t\t\t\t\t\t\t\t<div class=\"elementor-element elementor-element-88ff4c4 elementor-widget elementor-widget-image\" data-id=\"88ff4c4\" data-element_type=\"widget\" data-widget_type=\"image.default\">\n\t\t\t\t<div class=\"elementor-widget-container\">\n\t\t\t\t\t\t\t\t\t\t\t\t\t\t\t<img loading=\"lazy\" decoding=\"async\" width=\"766\" height=\"1024\" src=\"https:\/\/todobrewnetrze.pl\/wp-content\/uploads\/2020\/06\/IMG_20191018_161645-766x1024.jpg\" class=\"attachment-large size-large wp-image-162\" alt=\"Monika Koza- projektant wnetrz dobrodzien-katowice-gliwice-slask\" srcset=\"https:\/\/todobrewnetrze.pl\/wp-content\/uploads\/2020\/06\/IMG_20191018_161645-766x1024.jpg 766w, https:\/\/todobrewnetrze.pl\/wp-content\/uploads\/2020\/06\/IMG_20191018_161645-225x300.jpg 225w, https:\/\/todobrewnetrze.pl\/wp-content\/uploads\/2020\/06\/IMG_20191018_161645-768x1026.jpg 768w, https:\/\/todobrewnetrze.pl\/wp-content\/uploads\/2020\/06\/IMG_20191018_161645-1150x1536.jpg 1150w, https:\/\/todobrewnetrze.pl\/wp-content\/uploads\/2020\/06\/IMG_20191018_161645-1533x2048.jpg 1533w, https:\/\/todobrewnetrze.pl\/wp-content\/uploads\/2020\/06\/IMG_20191018_161645-600x802.jpg 600w, https:\/\/todobrewnetrze.pl\/wp-content\/uploads\/2020\/06\/IMG_20191018_161645-scaled.jpg 1916w\" sizes=\"(max-width: 766px) 100vw, 766px\" \/>\t\t\t\t\t\t\t\t\t\t\t\t\t\t\t<\/div>\n\t\t\t\t<\/div>\n\t\t\t\t\t<\/div>\n\t\t<\/div>\n\t\t\t\t<div class=\"elementor-column elementor-col-50 elementor-top-column elementor-element elementor-element-ec9c711\" data-id=\"ec9c711\" data-element_type=\"column\">\n\t\t\t<div class=\"elementor-widget-wrap elementor-element-populated\">\n\t\t\t\t\t\t\t\t<div class=\"elementor-element elementor-element-384f174 elementor-widget elementor-widget-heading\" data-id=\"384f174\" data-element_type=\"widget\" data-widget_type=\"heading.default\">\n\t\t\t\t<div class=\"elementor-widget-container\">\n\t\t\t<h2 class=\"elementor-heading-title elementor-size-default\">\" Mi\u0142a atmosfera sprzyja pi\u0119knym projektom\" \n<\/h2>\t\t<\/div>\n\t\t\t\t<\/div>\n\t\t\t\t<div class=\"elementor-element elementor-element-d82d883 elementor-widget elementor-widget-text-editor\" data-id=\"d82d883\" data-element_type=\"widget\" data-widget_type=\"text-editor.default\">\n\t\t\t\t<div class=\"elementor-widget-container\">\n\t\t\t\t\t\t\t<p>\u00a0 Witam Ci\u0119 bardzo serdecznie, mam na imi\u0119 Monika i od kilku lat zajmuj\u0119 sie projektowaniem wn\u0119trz dom\u00f3w i mieszka\u0144. Moja \u015bcie\u017cka zwi\u0105zana z projektowaniem oraz meblami zacz\u0119\u0142a si\u0119 tak naprawd\u0119 w okresie dzieci\u0119cym.<\/p><p>\u00a0 Pochodz\u0119 z rodziny stolarskiej i jako trzecie pokolenie firmy prowadz\u0119 <a href=\"https:\/\/meblekarpinskikoza.pl\/\">Manufaktur\u0119 mebli Karpinski Koza<\/a>, kt\u00f3ra jest jednym z najstarszych zak\u0142ad\u00f3w stolarskich w Dobrodzieniu.<\/p><p>\u00a0 Ca\u0142e \u017cycie sp\u0119dzi\u0142am biegaj\u0105c miedzy warsztatami, naturaln\u0105 oklein\u0105, maszynami do obr\u00f3bki drewna. <span style=\"font-size: 15px;\">Za\u015b wieczorami wsp\u00f3lnie z rodzicami poszerza\u0142am swoje mo\u017cliwo\u015bci projektowe oraz kolekcje mebli na wymiar.\u00a0<\/span><span style=\"font-size: 15px;\">Jestem praktykiem i uwa\u017cam \u017ce wiedza estetyczna jest niczym bez technicznego rozpatrzenia wn\u0119trza. Wn\u0119trza ma by\u0107 pi\u0119kne, estetyczne, TWOJE ale ma by\u0107 PRAKTYCZNE. W\u0142a\u015bnie taki projekt stworz\u0119 dla Ciebie.\u00a0<\/span><\/p><p><span style=\"font-size: 15px;\">\u00a0 Jestem absolwentk\u0105 Politechniki \u015al\u0105skiej na kierunku Architektura Wn\u0119trz i Wzornictwo na wydziale Architektury, gdzie pod okiem najlepszych doktor\u00f3w i profesor\u00f3w mia\u0142am zaszczyt rozwija\u0107 sw\u00f3j fach. Ponadto, kilka lat wcze\u015bniej uko\u0144czy\u0142am wydzia\u0142 Ekonomiczny w Opolu na kierunku Technologia Informacja i Baz Danych.<\/span><\/p><p><span style=\"font-size: 15px;\">\u00a0 Co wi\u0119cej, przez anga\u017c w najwi\u0119kszej Studenckiej Fundacji BCC mia\u0142am mo\u017cliwo\u015b\u0107 sta\u0107 si\u0119 koordynatorem projekt\u00f3w na woj. Opolskie. Praca w zespole i z klientem jest dla mnie czym\u015b naturalnym w czym bardzo dobrze si\u0119 odnajduj\u0119.<\/span><\/p><p>\u00a0 Pr\u00f3cz projektowania, architektury oraz w\u0142oskiej kultury interesuj\u0119 si\u0119 motoryzacj\u0105 oraz sportem. Adrenalina to co\u015b co kocham.<\/p>\t\t\t\t\t\t<\/div>\n\t\t\t\t<\/div>\n\t\t\t\t<div class=\"elementor-element elementor-element-d58a997 elementor-widget elementor-widget-text-editor\" data-id=\"d58a997\" data-element_type=\"widget\" data-widget_type=\"text-editor.default\">\n\t\t\t\t<div class=\"elementor-widget-container\">\n\t\t\t\t\t\t\t\t\t\t\t\t\t<\/div>\n\t\t\t\t<\/div>\n\t\t\t\t<div class=\"elementor-element elementor-element-4e0b05e elementor-widget elementor-widget-text-editor\" data-id=\"4e0b05e\" data-element_type=\"widget\" data-widget_type=\"text-editor.default\">\n\t\t\t\t<div class=\"elementor-widget-container\">\n\t\t\t\t\t\t\t\t\t\t\t\t\t<\/div>\n\t\t\t\t<\/div>\n\t\t\t\t\t<\/div>\n\t\t<\/div>\n\t\t\t\t\t\t\t<\/div>\n\t\t<\/section>\n\t\t\t\t<section class=\"elementor-section elementor-top-section elementor-element elementor-element-b39e066 elementor-section-boxed elementor-section-height-default elementor-section-height-default\" data-id=\"b39e066\" data-element_type=\"section\">\n\t\t\t\t\t\t<div class=\"elementor-container elementor-column-gap-default\">\n\t\t\t\t\t<div class=\"elementor-column elementor-col-50 elementor-top-column elementor-element elementor-element-5705c86\" data-id=\"5705c86\" data-element_type=\"column\">\n\t\t\t<div class=\"elementor-widget-wrap elementor-element-populated\">\n\t\t\t\t\t\t\t\t<div class=\"elementor-element elementor-element-a404457 elementor-widget elementor-widget-google_maps\" data-id=\"a404457\" data-element_type=\"widget\" data-widget_type=\"google_maps.default\">\n\t\t\t\t<div class=\"elementor-widget-container\">\n\t\t\t\t\t<div class=\"elementor-custom-embed\">\n\t\t\t<iframe loading=\"lazy\"\n\t\t\t\t\tsrc=\"https:\/\/maps.google.com\/maps?q=Dobrodzie%C5%84%2C%20ul.%20Wojska%20Polskiego%2041&#038;t=m&#038;z=15&#038;output=embed&#038;iwloc=near\"\n\t\t\t\t\ttitle=\"Dobrodzie\u0144, ul. Wojska Polskiego 41\"\n\t\t\t\t\taria-label=\"Dobrodzie\u0144, ul. Wojska Polskiego 41\"\n\t\t\t><\/iframe>\n\t\t<\/div>\n\t\t\t\t<\/div>\n\t\t\t\t<\/div>\n\t\t\t\t\t<\/div>\n\t\t<\/div>\n\t\t\t\t<div class=\"elementor-column elementor-col-50 elementor-top-column elementor-element elementor-element-4f13135\" data-id=\"4f13135\" data-element_type=\"column\">\n\t\t\t<div class=\"elementor-widget-wrap elementor-element-populated\">\n\t\t\t\t\t\t\t\t<div class=\"elementor-element elementor-element-62df751 elementor-widget elementor-widget-heading\" data-id=\"62df751\" data-element_type=\"widget\" data-widget_type=\"heading.default\">\n\t\t\t\t<div class=\"elementor-widget-container\">\n\t\t\t<h2 class=\"elementor-heading-title elementor-size-default\">Skontaktuj si\u0119 z Twoim Projektantem<\/h2>\t\t<\/div>\n\t\t\t\t<\/div>\n\t\t\t\t<div class=\"elementor-element elementor-element-ad103ed elementor-widget elementor-widget-text-editor\" data-id=\"ad103ed\" data-element_type=\"widget\" data-widget_type=\"text-editor.default\">\n\t\t\t\t<div class=\"elementor-widget-container\">\n\t\t\t\t\t\t\t<p>e-mail: biuro@to dobrewnetrze.pl<\/p><p>tel. kom. +78 888 273 297<\/p><p>46-380 Dobrodzie\u0144<\/p><p>ul. Wojska Polskiego 41<\/p>\t\t\t\t\t\t<\/div>\n\t\t\t\t<\/div>\n\t\t\t\t\t<\/div>\n\t\t<\/div>\n\t\t\t\t\t\t\t<\/div>\n\t\t<\/section>\n\t\t\t\t\t\t\t<\/div>\n\t\t","protected":false},"excerpt":{"rendered":"<p>&#8221; Mi\u0142a atmosfera sprzyja pi\u0119knym projektom&#8221; \u00a0 Witam Ci\u0119 bardzo serdecznie, mam na imi\u0119 Monika i od kilku lat zajmuj\u0119 sie projektowaniem wn\u0119trz dom\u00f3w i mieszka\u0144. Moja \u015bcie\u017cka zwi\u0105zana z projektowaniem oraz meblami zacz\u0119\u0142a si\u0119 tak naprawd\u0119 w okresie dzieci\u0119cym. \u00a0 Pochodz\u0119 z rodziny stolarskiej i jako trzecie pokolenie firmy prowadz\u0119 Manufaktur\u0119 mebli Karpinski Koza, &hellip;<\/p>\n<p class=\"read-more\"> <a class=\"\" href=\"https:\/\/todobrewnetrze.pl\/?page_id=28\"> <span class=\"screen-reader-text\">o mnie- Monika Koza projektant wn\u0119trz<\/span> Read More &raquo;<\/a><\/p>\n","protected":false},"author":1,"featured_media":160,"parent":0,"menu_order":0,"comment_status":"closed","ping_status":"closed","template":"","meta":{"site-sidebar-layout":"no-sidebar","site-content-layout":"page-builder","ast-site-content-layout":"","site-content-style":"default","site-sidebar-style":"default","ast-global-header-display":"","ast-banner-title-visibility":"","ast-main-header-display":"","ast-hfb-above-header-display":"","ast-hfb-below-header-display":"","ast-hfb-mobile-header-display":"","site-post-title":"disabled","ast-breadcrumbs-content":"","ast-featured-img":"disabled","footer-sml-layout":"","theme-transparent-header-meta":"default","adv-header-id-meta":"","stick-header-meta":"","header-above-stick-meta":"","header-main-stick-meta":"","header-below-stick-meta":"","astra-migrate-meta-layouts":"","footnotes":"","_vp_format_video_url":"","_vp_image_focal_point":[]},"yoast_head":"<!-- This site is optimized with the Yoast SEO plugin v21.6 - https:\/\/yoast.com\/wordpress\/plugins\/seo\/ -->\n<title>o mnie- Monika Koza projektant wn\u0119trz - ToDobreWnetrze.pl Monika Koza- us\u0142ugi projektowania po\u0142udnie polski i Polska zdalnie<\/title>\n<meta name=\"robots\" content=\"index, follow, max-snippet:-1, max-image-preview:large, max-video-preview:-1\" \/>\n<link rel=\"canonical\" href=\"https:\/\/todobrewnetrze.pl\/?page_id=28\" \/>\n<meta property=\"og:locale\" content=\"pl_PL\" \/>\n<meta property=\"og:type\" content=\"article\" \/>\n<meta property=\"og:title\" content=\"o mnie- Monika Koza projektant wn\u0119trz - ToDobreWnetrze.pl Monika Koza- us\u0142ugi projektowania po\u0142udnie polski i Polska zdalnie\" \/>\n<meta property=\"og:description\" content=\"&#8221; Mi\u0142a atmosfera sprzyja pi\u0119knym projektom&#8221; \u00a0 Witam Ci\u0119 bardzo serdecznie, mam na imi\u0119 Monika i od kilku lat zajmuj\u0119 sie projektowaniem wn\u0119trz dom\u00f3w i mieszka\u0144. Moja \u015bcie\u017cka zwi\u0105zana z projektowaniem oraz meblami zacz\u0119\u0142a si\u0119 tak naprawd\u0119 w okresie dzieci\u0119cym. \u00a0 Pochodz\u0119 z rodziny stolarskiej i jako trzecie pokolenie firmy prowadz\u0119 Manufaktur\u0119 mebli Karpinski Koza, &hellip; o mnie- Monika Koza projektant wn\u0119trz Read More &raquo;\" \/>\n<meta property=\"og:url\" content=\"https:\/\/todobrewnetrze.pl\/?page_id=28\" \/>\n<meta property=\"og:site_name\" content=\"ToDobreWnetrze.pl Monika Koza- us\u0142ugi projektowania po\u0142udnie polski i Polska zdalnie\" \/>\n<meta property=\"article:modified_time\" content=\"2020-06-13T12:37:47+00:00\" \/>\n<meta property=\"og:image\" content=\"https:\/\/todobrewnetrze.pl\/wp-content\/uploads\/2020\/06\/Monika-Koza-projektant-wnetrz.png\" \/>\n\t<meta property=\"og:image:width\" content=\"1200\" \/>\n\t<meta property=\"og:image:height\" content=\"400\" \/>\n\t<meta property=\"og:image:type\" content=\"image\/png\" \/>\n<meta name=\"twitter:card\" content=\"summary_large_image\" \/>\n<meta name=\"twitter:label1\" content=\"Szacowany czas czytania\" \/>\n\t<meta name=\"twitter:data1\" content=\"1 minuta\" \/>\n<script type=\"application\/ld+json\" class=\"yoast-schema-graph\">{\"@context\":\"https:\/\/schema.org\",\"@graph\":[{\"@type\":\"WebPage\",\"@id\":\"https:\/\/todobrewnetrze.pl\/?page_id=28\",\"url\":\"https:\/\/todobrewnetrze.pl\/?page_id=28\",\"name\":\"o mnie- Monika Koza projektant wn\u0119trz - ToDobreWnetrze.pl Monika Koza- us\u0142ugi projektowania po\u0142udnie polski i Polska zdalnie\",\"isPartOf\":{\"@id\":\"https:\/\/todobrewnetrze.pl\/#website\"},\"datePublished\":\"2020-01-25T11:06:02+00:00\",\"dateModified\":\"2020-06-13T12:37:47+00:00\",\"breadcrumb\":{\"@id\":\"https:\/\/todobrewnetrze.pl\/?page_id=28#breadcrumb\"},\"inLanguage\":\"pl-PL\",\"potentialAction\":[{\"@type\":\"ReadAction\",\"target\":[\"https:\/\/todobrewnetrze.pl\/?page_id=28\"]}]},{\"@type\":\"BreadcrumbList\",\"@id\":\"https:\/\/todobrewnetrze.pl\/?page_id=28#breadcrumb\",\"itemListElement\":[{\"@type\":\"ListItem\",\"position\":1,\"name\":\"Strona g\u0142\u00f3wna\",\"item\":\"https:\/\/todobrewnetrze.pl\/\"},{\"@type\":\"ListItem\",\"position\":2,\"name\":\"o mnie- Monika Koza projektant wn\u0119trz\"}]},{\"@type\":\"WebSite\",\"@id\":\"https:\/\/todobrewnetrze.pl\/#website\",\"url\":\"https:\/\/todobrewnetrze.pl\/\",\"name\":\"ToDobreWnetrze.pl Monika Koza- us\u0142ugi projektowania po\u0142udnie polski i Polska zdalnie\",\"description\":\"Monika koza projektant wnetrz klasyczne i nowoczesne\",\"publisher\":{\"@id\":\"https:\/\/todobrewnetrze.pl\/#organization\"},\"potentialAction\":[{\"@type\":\"SearchAction\",\"target\":{\"@type\":\"EntryPoint\",\"urlTemplate\":\"https:\/\/todobrewnetrze.pl\/?s={search_term_string}\"},\"query-input\":\"required name=search_term_string\"}],\"inLanguage\":\"pl-PL\"},{\"@type\":\"Organization\",\"@id\":\"https:\/\/todobrewnetrze.pl\/#organization\",\"name\":\"ToDobreWnetrze.pl Monika Koza- us\u0142ugi projektowania po\u0142udnie polski i Polska zdalnie\",\"url\":\"https:\/\/todobrewnetrze.pl\/\",\"logo\":{\"@type\":\"ImageObject\",\"inLanguage\":\"pl-PL\",\"@id\":\"https:\/\/todobrewnetrze.pl\/#\/schema\/logo\/image\/\",\"url\":\"https:\/\/todobrewnetrze.pl\/wp-content\/uploads\/2020\/01\/cropped-LOGO_TDW_GOLD_50X05-e1580308296956.png\",\"contentUrl\":\"https:\/\/todobrewnetrze.pl\/wp-content\/uploads\/2020\/01\/cropped-LOGO_TDW_GOLD_50X05-e1580308296956.png\",\"width\":450,\"height\":418,\"caption\":\"ToDobreWnetrze.pl Monika Koza- us\u0142ugi projektowania po\u0142udnie polski i Polska zdalnie\"},\"image\":{\"@id\":\"https:\/\/todobrewnetrze.pl\/#\/schema\/logo\/image\/\"}}]}<\/script>\n<!-- \/ Yoast SEO plugin. -->","yoast_head_json":{"title":"o mnie- Monika Koza projektant wn\u0119trz - ToDobreWnetrze.pl Monika Koza- us\u0142ugi projektowania po\u0142udnie polski i Polska zdalnie","robots":{"index":"index","follow":"follow","max-snippet":"max-snippet:-1","max-image-preview":"max-image-preview:large","max-video-preview":"max-video-preview:-1"},"canonical":"https:\/\/todobrewnetrze.pl\/?page_id=28","og_locale":"pl_PL","og_type":"article","og_title":"o mnie- Monika Koza projektant wn\u0119trz - ToDobreWnetrze.pl Monika Koza- us\u0142ugi projektowania po\u0142udnie polski i Polska zdalnie","og_description":"&#8221; Mi\u0142a atmosfera sprzyja pi\u0119knym projektom&#8221; \u00a0 Witam Ci\u0119 bardzo serdecznie, mam na imi\u0119 Monika i od kilku lat zajmuj\u0119 sie projektowaniem wn\u0119trz dom\u00f3w i mieszka\u0144. Moja \u015bcie\u017cka zwi\u0105zana z projektowaniem oraz meblami zacz\u0119\u0142a si\u0119 tak naprawd\u0119 w okresie dzieci\u0119cym. \u00a0 Pochodz\u0119 z rodziny stolarskiej i jako trzecie pokolenie firmy prowadz\u0119 Manufaktur\u0119 mebli Karpinski Koza, &hellip; o mnie- Monika Koza projektant wn\u0119trz Read More &raquo;","og_url":"https:\/\/todobrewnetrze.pl\/?page_id=28","og_site_name":"ToDobreWnetrze.pl Monika Koza- us\u0142ugi projektowania po\u0142udnie polski i Polska zdalnie","article_modified_time":"2020-06-13T12:37:47+00:00","og_image":[{"width":1200,"height":400,"url":"https:\/\/todobrewnetrze.pl\/wp-content\/uploads\/2020\/06\/Monika-Koza-projektant-wnetrz.png","type":"image\/png"}],"twitter_card":"summary_large_image","twitter_misc":{"Szacowany czas czytania":"1 minuta"},"schema":{"@context":"https:\/\/schema.org","@graph":[{"@type":"WebPage","@id":"https:\/\/todobrewnetrze.pl\/?page_id=28","url":"https:\/\/todobrewnetrze.pl\/?page_id=28","name":"o mnie- Monika Koza projektant wn\u0119trz - ToDobreWnetrze.pl Monika Koza- us\u0142ugi projektowania po\u0142udnie polski i Polska zdalnie","isPartOf":{"@id":"https:\/\/todobrewnetrze.pl\/#website"},"datePublished":"2020-01-25T11:06:02+00:00","dateModified":"2020-06-13T12:37:47+00:00","breadcrumb":{"@id":"https:\/\/todobrewnetrze.pl\/?page_id=28#breadcrumb"},"inLanguage":"pl-PL","potentialAction":[{"@type":"ReadAction","target":["https:\/\/todobrewnetrze.pl\/?page_id=28"]}]},{"@type":"BreadcrumbList","@id":"https:\/\/todobrewnetrze.pl\/?page_id=28#breadcrumb","itemListElement":[{"@type":"ListItem","position":1,"name":"Strona g\u0142\u00f3wna","item":"https:\/\/todobrewnetrze.pl\/"},{"@type":"ListItem","position":2,"name":"o mnie- Monika Koza projektant wn\u0119trz"}]},{"@type":"WebSite","@id":"https:\/\/todobrewnetrze.pl\/#website","url":"https:\/\/todobrewnetrze.pl\/","name":"ToDobreWnetrze.pl Monika Koza- us\u0142ugi projektowania po\u0142udnie polski i Polska zdalnie","description":"Monika koza projektant wnetrz klasyczne i nowoczesne","publisher":{"@id":"https:\/\/todobrewnetrze.pl\/#organization"},"potentialAction":[{"@type":"SearchAction","target":{"@type":"EntryPoint","urlTemplate":"https:\/\/todobrewnetrze.pl\/?s={search_term_string}"},"query-input":"required name=search_term_string"}],"inLanguage":"pl-PL"},{"@type":"Organization","@id":"https:\/\/todobrewnetrze.pl\/#organization","name":"ToDobreWnetrze.pl Monika Koza- us\u0142ugi projektowania po\u0142udnie polski i Polska zdalnie","url":"https:\/\/todobrewnetrze.pl\/","logo":{"@type":"ImageObject","inLanguage":"pl-PL","@id":"https:\/\/todobrewnetrze.pl\/#\/schema\/logo\/image\/","url":"https:\/\/todobrewnetrze.pl\/wp-content\/uploads\/2020\/01\/cropped-LOGO_TDW_GOLD_50X05-e1580308296956.png","contentUrl":"https:\/\/todobrewnetrze.pl\/wp-content\/uploads\/2020\/01\/cropped-LOGO_TDW_GOLD_50X05-e1580308296956.png","width":450,"height":418,"caption":"ToDobreWnetrze.pl Monika Koza- us\u0142ugi projektowania po\u0142udnie polski i Polska zdalnie"},"image":{"@id":"https:\/\/todobrewnetrze.pl\/#\/schema\/logo\/image\/"}}]}},"_links":{"self":[{"href":"https:\/\/todobrewnetrze.pl\/index.php?rest_route=\/wp\/v2\/pages\/28"}],"collection":[{"href":"https:\/\/todobrewnetrze.pl\/index.php?rest_route=\/wp\/v2\/pages"}],"about":[{"href":"https:\/\/todobrewnetrze.pl\/index.php?rest_route=\/wp\/v2\/types\/page"}],"author":[{"embeddable":true,"href":"https:\/\/todobrewnetrze.pl\/index.php?rest_route=\/wp\/v2\/users\/1"}],"replies":[{"embeddable":true,"href":"https:\/\/todobrewnetrze.pl\/index.php?rest_route=%2Fwp%2Fv2%2Fcomments&post=28"}],"version-history":[{"count":7,"href":"https:\/\/todobrewnetrze.pl\/index.php?rest_route=\/wp\/v2\/pages\/28\/revisions"}],"predecessor-version":[{"id":192,"href":"https:\/\/todobrewnetrze.pl\/index.php?rest_route=\/wp\/v2\/pages\/28\/revisions\/192"}],"wp:featuredmedia":[{"embeddable":true,"href":"https:\/\/todobrewnetrze.pl\/index.php?rest_route=\/wp\/v2\/media\/160"}],"wp:attachment":[{"href":"https:\/\/todobrewnetrze.pl\/index.php?rest_route=%2Fwp%2Fv2%2Fmedia&parent=28"}],"curies":[{"name":"wp","href":"https:\/\/api.w.org\/{rel}","templated":true}]}}