{"id":29,"date":"2020-01-25T12:06:02","date_gmt":"2020-01-25T11:06:02","guid":{"rendered":"http:\/\/todobrewnetrze.pl\/?page_id=29"},"modified":"2021-08-27T17:21:07","modified_gmt":"2021-08-27T15:21:07","slug":"kontakt","status":"publish","type":"page","link":"https:\/\/todobrewnetrze.pl\/?page_id=29","title":{"rendered":"Kontakt"},"content":{"rendered":"\n<h2 class=\"wp-block-heading\"><\/h2>\n\n\n\n<pre class=\"wp-block-preformatted\">ZADZWO\u0143 <strong>48 888 273 29<\/strong>7\nNAPISZ <strong>biuro@todobrewnetrze.pl<\/strong>\nODWIED\u0179 <strong>46-380 Dobrodzie\u0144 ul. Wojska Polskiego 41<\/strong>\n<\/pre>\n\n\n<div class=\"wpforms-container wpforms-container-full wpforms-block\" id=\"wpforms-166\"><form id=\"wpforms-form-166\" class=\"wpforms-validate wpforms-form\" data-formid=\"166\" method=\"post\" enctype=\"multipart\/form-data\" action=\"\/index.php?rest_route=%2Fwp%2Fv2%2Fpages%2F29\" data-token=\"02a90ab420aef377b7666d6604b83d46\"><noscript class=\"wpforms-error-noscript\">Aby wype\u0142ni\u0107 ten formularz, w\u0142\u0105cz obs\u0142ug\u0119 JavaScript w przegl\u0105darce.<\/noscript><div class=\"wpforms-field-container\"><div id=\"wpforms-166-field_0-container\" class=\"wpforms-field wpforms-field-name\" data-field-id=\"0\"><label class=\"wpforms-field-label\" for=\"wpforms-166-field_0\">Imi\u0119 i nazwisko <span class=\"wpforms-required-label\">*<\/span><\/label><input type=\"text\" id=\"wpforms-166-field_0\" class=\"wpforms-field-medium wpforms-field-required\" name=\"wpforms[fields][0]\" required><\/div><div id=\"wpforms-166-field_1-container\" class=\"wpforms-field wpforms-field-email\" data-field-id=\"1\"><label class=\"wpforms-field-label\" for=\"wpforms-166-field_1\">Email <span class=\"wpforms-required-label\">*<\/span><\/label><input type=\"email\" id=\"wpforms-166-field_1\" class=\"wpforms-field-medium wpforms-field-required\" name=\"wpforms[fields][1]\" spellcheck=\"false\" required><\/div><div id=\"wpforms-166-field_4-container\" class=\"wpforms-field wpforms-field-select\" data-field-id=\"4\"><label class=\"wpforms-field-label\" for=\"wpforms-166-field_4\">Temat <\/label><select id=\"wpforms-166-field_4\" class=\"wpforms-field-medium\" name=\"wpforms[fields][4]\"><option value=\"projektowanie\/ aran\u017cacja wn\u0119trza\" >projektowanie\/ aran\u017cacja wn\u0119trza<\/option><option value=\"projektowanie mebli \" >projektowanie mebli <\/option><option value=\"realizacja mebli na wymiar \" >realizacja mebli na wymiar <\/option><option value=\"inne ...\" >inne &#8230;<\/option><\/select><div class=\"wpforms-field-description\">wybierz interesuj\u0105cy Ci\u0119 temat- \u0142atwiej b\u0119dzie nam si\u0119 porozumie\u0107<\/div><\/div><div id=\"wpforms-166-field_2-container\" class=\"wpforms-field wpforms-field-textarea\" data-field-id=\"2\"><label class=\"wpforms-field-label\" for=\"wpforms-166-field_2\">Wiadomo\u015b\u0107 <span class=\"wpforms-required-label\">*<\/span><\/label><textarea id=\"wpforms-166-field_2\" class=\"wpforms-field-medium wpforms-field-required\" name=\"wpforms[fields][2]\" required><\/textarea><\/div><\/div><!-- .wpforms-field-container --><div class=\"wpforms-field wpforms-field-hp\"><label for=\"wpforms-166-field-hp\" class=\"wpforms-field-label\">Website<\/label><input type=\"text\" name=\"wpforms[hp]\" id=\"wpforms-166-field-hp\" class=\"wpforms-field-medium\"><\/div><div class=\"wpforms-submit-container\" ><input type=\"hidden\" name=\"wpforms[id]\" value=\"166\"><input type=\"hidden\" name=\"wpforms[author]\" value=\"1\"><button type=\"submit\" name=\"wpforms[submit]\" id=\"wpforms-submit-166\" class=\"wpforms-submit\" data-alt-text=\"polecia\u0142\" data-submit-text=\"wy\u015blij go\u0142\u0119bia z wiadomo\u015bci\u0105 \" aria-live=\"assertive\" value=\"wpforms-submit\">wy\u015blij go\u0142\u0119bia z wiadomo\u015bci\u0105 <\/button><\/div><\/form><\/div>  <!-- .wpforms-container -->","protected":false},"excerpt":{"rendered":"<p>ZADZWO\u0143 48 888 273 297 NAPISZ biuro@todobrewnetrze.pl ODWIED\u0179 46-380 Dobrodzie\u0144 ul. Wojska Polskiego 41<\/p>\n","protected":false},"author":1,"featured_media":115,"parent":0,"menu_order":0,"comment_status":"closed","ping_status":"closed","template":"","meta":{"site-sidebar-layout":"default","site-content-layout":"default","ast-site-content-layout":"","site-content-style":"default","site-sidebar-style":"default","ast-global-header-display":"","ast-banner-title-visibility":"","ast-main-header-display":"","ast-hfb-above-header-display":"","ast-hfb-below-header-display":"","ast-hfb-mobile-header-display":"","site-post-title":"disabled","ast-breadcrumbs-content":"","ast-featured-img":"disabled","footer-sml-layout":"","theme-transparent-header-meta":"default","adv-header-id-meta":"","stick-header-meta":"","header-above-stick-meta":"","header-main-stick-meta":"","header-below-stick-meta":"","astra-migrate-meta-layouts":"","footnotes":"","_vp_format_video_url":"","_vp_image_focal_point":[]},"yoast_head":"<!-- This site is optimized with the Yoast SEO plugin v21.6 - https:\/\/yoast.com\/wordpress\/plugins\/seo\/ -->\n<title>Kontakt - ToDobreWnetrze.pl Monika Koza- us\u0142ugi projektowania po\u0142udnie polski i Polska zdalnie<\/title>\n<meta name=\"robots\" content=\"index, follow, max-snippet:-1, max-image-preview:large, max-video-preview:-1\" \/>\n<link rel=\"canonical\" href=\"https:\/\/todobrewnetrze.pl\/?page_id=29\" \/>\n<meta property=\"og:locale\" content=\"pl_PL\" \/>\n<meta property=\"og:type\" content=\"article\" \/>\n<meta property=\"og:title\" content=\"Kontakt - ToDobreWnetrze.pl Monika Koza- us\u0142ugi projektowania po\u0142udnie polski i Polska zdalnie\" \/>\n<meta property=\"og:description\" content=\"ZADZWO\u0143 48 888 273 297 NAPISZ biuro@todobrewnetrze.pl ODWIED\u0179 46-380 Dobrodzie\u0144 ul. Wojska Polskiego 41\" \/>\n<meta property=\"og:url\" content=\"https:\/\/todobrewnetrze.pl\/?page_id=29\" \/>\n<meta property=\"og:site_name\" content=\"ToDobreWnetrze.pl Monika Koza- us\u0142ugi projektowania po\u0142udnie polski i Polska zdalnie\" \/>\n<meta property=\"article:modified_time\" content=\"2021-08-27T15:21:07+00:00\" \/>\n<meta property=\"og:image\" content=\"https:\/\/todobrewnetrze.pl\/wp-content\/uploads\/2020\/01\/1-1.png\" \/>\n\t<meta property=\"og:image:width\" content=\"1140\" \/>\n\t<meta property=\"og:image:height\" content=\"488\" \/>\n\t<meta property=\"og:image:type\" content=\"image\/png\" \/>\n<meta name=\"twitter:card\" content=\"summary_large_image\" \/>\n<meta name=\"twitter:label1\" content=\"Szacowany czas czytania\" \/>\n\t<meta name=\"twitter:data1\" content=\"1 minuta\" \/>\n<script type=\"application\/ld+json\" class=\"yoast-schema-graph\">{\"@context\":\"https:\/\/schema.org\",\"@graph\":[{\"@type\":\"WebPage\",\"@id\":\"https:\/\/todobrewnetrze.pl\/?page_id=29\",\"url\":\"https:\/\/todobrewnetrze.pl\/?page_id=29\",\"name\":\"Kontakt - ToDobreWnetrze.pl Monika Koza- us\u0142ugi projektowania po\u0142udnie polski i Polska zdalnie\",\"isPartOf\":{\"@id\":\"https:\/\/todobrewnetrze.pl\/#website\"},\"datePublished\":\"2020-01-25T11:06:02+00:00\",\"dateModified\":\"2021-08-27T15:21:07+00:00\",\"breadcrumb\":{\"@id\":\"https:\/\/todobrewnetrze.pl\/?page_id=29#breadcrumb\"},\"inLanguage\":\"pl-PL\",\"potentialAction\":[{\"@type\":\"ReadAction\",\"target\":[\"https:\/\/todobrewnetrze.pl\/?page_id=29\"]}]},{\"@type\":\"BreadcrumbList\",\"@id\":\"https:\/\/todobrewnetrze.pl\/?page_id=29#breadcrumb\",\"itemListElement\":[{\"@type\":\"ListItem\",\"position\":1,\"name\":\"Strona g\u0142\u00f3wna\",\"item\":\"https:\/\/todobrewnetrze.pl\/\"},{\"@type\":\"ListItem\",\"position\":2,\"name\":\"Kontakt\"}]},{\"@type\":\"WebSite\",\"@id\":\"https:\/\/todobrewnetrze.pl\/#website\",\"url\":\"https:\/\/todobrewnetrze.pl\/\",\"name\":\"ToDobreWnetrze.pl Monika Koza- us\u0142ugi projektowania po\u0142udnie polski i Polska zdalnie\",\"description\":\"Monika koza projektant wnetrz klasyczne i nowoczesne\",\"publisher\":{\"@id\":\"https:\/\/todobrewnetrze.pl\/#organization\"},\"potentialAction\":[{\"@type\":\"SearchAction\",\"target\":{\"@type\":\"EntryPoint\",\"urlTemplate\":\"https:\/\/todobrewnetrze.pl\/?s={search_term_string}\"},\"query-input\":\"required name=search_term_string\"}],\"inLanguage\":\"pl-PL\"},{\"@type\":\"Organization\",\"@id\":\"https:\/\/todobrewnetrze.pl\/#organization\",\"name\":\"ToDobreWnetrze.pl Monika Koza- us\u0142ugi projektowania po\u0142udnie polski i Polska zdalnie\",\"url\":\"https:\/\/todobrewnetrze.pl\/\",\"logo\":{\"@type\":\"ImageObject\",\"inLanguage\":\"pl-PL\",\"@id\":\"https:\/\/todobrewnetrze.pl\/#\/schema\/logo\/image\/\",\"url\":\"https:\/\/todobrewnetrze.pl\/wp-content\/uploads\/2020\/01\/cropped-LOGO_TDW_GOLD_50X05-e1580308296956.png\",\"contentUrl\":\"https:\/\/todobrewnetrze.pl\/wp-content\/uploads\/2020\/01\/cropped-LOGO_TDW_GOLD_50X05-e1580308296956.png\",\"width\":450,\"height\":418,\"caption\":\"ToDobreWnetrze.pl Monika Koza- us\u0142ugi projektowania po\u0142udnie polski i Polska zdalnie\"},\"image\":{\"@id\":\"https:\/\/todobrewnetrze.pl\/#\/schema\/logo\/image\/\"}}]}<\/script>\n<!-- \/ Yoast SEO plugin. -->","yoast_head_json":{"title":"Kontakt - ToDobreWnetrze.pl Monika Koza- us\u0142ugi projektowania po\u0142udnie polski i Polska zdalnie","robots":{"index":"index","follow":"follow","max-snippet":"max-snippet:-1","max-image-preview":"max-image-preview:large","max-video-preview":"max-video-preview:-1"},"canonical":"https:\/\/todobrewnetrze.pl\/?page_id=29","og_locale":"pl_PL","og_type":"article","og_title":"Kontakt - ToDobreWnetrze.pl Monika Koza- us\u0142ugi projektowania po\u0142udnie polski i Polska zdalnie","og_description":"ZADZWO\u0143 48 888 273 297 NAPISZ biuro@todobrewnetrze.pl ODWIED\u0179 46-380 Dobrodzie\u0144 ul. Wojska Polskiego 41","og_url":"https:\/\/todobrewnetrze.pl\/?page_id=29","og_site_name":"ToDobreWnetrze.pl Monika Koza- us\u0142ugi projektowania po\u0142udnie polski i Polska zdalnie","article_modified_time":"2021-08-27T15:21:07+00:00","og_image":[{"width":1140,"height":488,"url":"https:\/\/todobrewnetrze.pl\/wp-content\/uploads\/2020\/01\/1-1.png","type":"image\/png"}],"twitter_card":"summary_large_image","twitter_misc":{"Szacowany czas czytania":"1 minuta"},"schema":{"@context":"https:\/\/schema.org","@graph":[{"@type":"WebPage","@id":"https:\/\/todobrewnetrze.pl\/?page_id=29","url":"https:\/\/todobrewnetrze.pl\/?page_id=29","name":"Kontakt - ToDobreWnetrze.pl Monika Koza- us\u0142ugi projektowania po\u0142udnie polski i Polska zdalnie","isPartOf":{"@id":"https:\/\/todobrewnetrze.pl\/#website"},"datePublished":"2020-01-25T11:06:02+00:00","dateModified":"2021-08-27T15:21:07+00:00","breadcrumb":{"@id":"https:\/\/todobrewnetrze.pl\/?page_id=29#breadcrumb"},"inLanguage":"pl-PL","potentialAction":[{"@type":"ReadAction","target":["https:\/\/todobrewnetrze.pl\/?page_id=29"]}]},{"@type":"BreadcrumbList","@id":"https:\/\/todobrewnetrze.pl\/?page_id=29#breadcrumb","itemListElement":[{"@type":"ListItem","position":1,"name":"Strona g\u0142\u00f3wna","item":"https:\/\/todobrewnetrze.pl\/"},{"@type":"ListItem","position":2,"name":"Kontakt"}]},{"@type":"WebSite","@id":"https:\/\/todobrewnetrze.pl\/#website","url":"https:\/\/todobrewnetrze.pl\/","name":"ToDobreWnetrze.pl Monika Koza- us\u0142ugi projektowania po\u0142udnie polski i Polska zdalnie","description":"Monika koza projektant wnetrz klasyczne i nowoczesne","publisher":{"@id":"https:\/\/todobrewnetrze.pl\/#organization"},"potentialAction":[{"@type":"SearchAction","target":{"@type":"EntryPoint","urlTemplate":"https:\/\/todobrewnetrze.pl\/?s={search_term_string}"},"query-input":"required name=search_term_string"}],"inLanguage":"pl-PL"},{"@type":"Organization","@id":"https:\/\/todobrewnetrze.pl\/#organization","name":"ToDobreWnetrze.pl Monika Koza- us\u0142ugi projektowania po\u0142udnie polski i Polska zdalnie","url":"https:\/\/todobrewnetrze.pl\/","logo":{"@type":"ImageObject","inLanguage":"pl-PL","@id":"https:\/\/todobrewnetrze.pl\/#\/schema\/logo\/image\/","url":"https:\/\/todobrewnetrze.pl\/wp-content\/uploads\/2020\/01\/cropped-LOGO_TDW_GOLD_50X05-e1580308296956.png","contentUrl":"https:\/\/todobrewnetrze.pl\/wp-content\/uploads\/2020\/01\/cropped-LOGO_TDW_GOLD_50X05-e1580308296956.png","width":450,"height":418,"caption":"ToDobreWnetrze.pl Monika Koza- us\u0142ugi projektowania po\u0142udnie polski i Polska zdalnie"},"image":{"@id":"https:\/\/todobrewnetrze.pl\/#\/schema\/logo\/image\/"}}]}},"_links":{"self":[{"href":"https:\/\/todobrewnetrze.pl\/index.php?rest_route=\/wp\/v2\/pages\/29"}],"collection":[{"href":"https:\/\/todobrewnetrze.pl\/index.php?rest_route=\/wp\/v2\/pages"}],"about":[{"href":"https:\/\/todobrewnetrze.pl\/index.php?rest_route=\/wp\/v2\/types\/page"}],"author":[{"embeddable":true,"href":"https:\/\/todobrewnetrze.pl\/index.php?rest_route=\/wp\/v2\/users\/1"}],"replies":[{"embeddable":true,"href":"https:\/\/todobrewnetrze.pl\/index.php?rest_route=%2Fwp%2Fv2%2Fcomments&post=29"}],"version-history":[{"count":4,"href":"https:\/\/todobrewnetrze.pl\/index.php?rest_route=\/wp\/v2\/pages\/29\/revisions"}],"predecessor-version":[{"id":296,"href":"https:\/\/todobrewnetrze.pl\/index.php?rest_route=\/wp\/v2\/pages\/29\/revisions\/296"}],"wp:featuredmedia":[{"embeddable":true,"href":"https:\/\/todobrewnetrze.pl\/index.php?rest_route=\/wp\/v2\/media\/115"}],"wp:attachment":[{"href":"https:\/\/todobrewnetrze.pl\/index.php?rest_route=%2Fwp%2Fv2%2Fmedia&parent=29"}],"curies":[{"name":"wp","href":"https:\/\/api.w.org\/{rel}","templated":true}]}}